{"id":3240,"date":"2018-01-02T16:49:18","date_gmt":"2018-01-02T16:49:18","guid":{"rendered":"http:\/\/2017.auditmeeting.es\/?page_id=3240"},"modified":"2018-01-02T16:49:18","modified_gmt":"2018-01-02T16:49:18","slug":"galeria","status":"publish","type":"page","link":"https:\/\/2017.auditmeeting.es\/index.php\/galeria\/","title":{"rendered":"Galer\u00eda"},"content":{"rendered":"<p><strong>V\u00eddeo conmemorativo del 35 aniversario del REA+REGA Auditores<\/strong><\/p>\n<p><iframe loading=\"lazy\" src=\"https:\/\/www.economistas.es\/Contenido\/REA\/35%20aniversario\/Economistas%2035%20aniversario.mp4\" width=\"420\" height=\"315\"><\/iframe><\/p>\n<p><a href=\"http:\/\/2017.auditmeeting.es\/dia-14-12-2017-manana\/\">D\u00eda 14-12-2017 (ma\u00f1ana)<\/a><\/p>\n<p><a href=\"http:\/\/2017.auditmeeting.es\/dia-14-12-2017-tarde\/\">D\u00eda 14-12-2017 (tarde)<\/a><\/p>\n<p><a href=\"http:\/\/2017.auditmeeting.es\/dia-15-12-2107-manana\/\">D\u00eda 15-12-2017 (ma\u00f1ana)<\/a><\/p>\n<p><a href=\"http:\/\/2017.auditmeeting.es\/cena-8o-auditmeeging\/\">Cena 8\u00ba Auditmeeting <\/a><\/p>\n<p><a href=\"http:\/\/2017.auditmeeting.es\/galardonados-rearega-auditores\/\">Galardonados REA+REGA Auditores 2017<\/a><\/p>\n","protected":false},"excerpt":{"rendered":"<p>V\u00eddeo conmemorativo del 35 aniversario del REA+REGA Auditores D\u00eda 14-12-2017 (ma\u00f1ana) D\u00eda 14-12-2017 (tarde) D\u00eda 15-12-2017 (ma\u00f1ana) Cena 8\u00ba Auditmeeting Galardonados REA+REGA Auditores 2017<\/p>\n","protected":false},"author":1,"featured_media":0,"parent":0,"menu_order":0,"comment_status":"closed","ping_status":"closed","template":"page-fullcontent.php","meta":{"ngg_post_thumbnail":0,"footnotes":""},"_links":{"self":[{"href":"https:\/\/2017.auditmeeting.es\/index.php\/wp-json\/wp\/v2\/pages\/3240"}],"collection":[{"href":"https:\/\/2017.auditmeeting.es\/index.php\/wp-json\/wp\/v2\/pages"}],"about":[{"href":"https:\/\/2017.auditmeeting.es\/index.php\/wp-json\/wp\/v2\/types\/page"}],"author":[{"embeddable":true,"href":"https:\/\/2017.auditmeeting.es\/index.php\/wp-json\/wp\/v2\/users\/1"}],"replies":[{"embeddable":true,"href":"https:\/\/2017.auditmeeting.es\/index.php\/wp-json\/wp\/v2\/comments?post=3240"}],"version-history":[{"count":0,"href":"https:\/\/2017.auditmeeting.es\/index.php\/wp-json\/wp\/v2\/pages\/3240\/revisions"}],"wp:attachment":[{"href":"https:\/\/2017.auditmeeting.es\/index.php\/wp-json\/wp\/v2\/media?parent=3240"}],"curies":[{"name":"wp","href":"https:\/\/api.w.org\/{rel}","templated":true}]}}