{"id":4242,"date":"2018-01-02T12:02:44","date_gmt":"2018-01-02T12:02:44","guid":{"rendered":"http:\/\/2017.auditmeeting.es\/?page_id=2625"},"modified":"2018-01-02T12:02:44","modified_gmt":"2018-01-02T12:02:44","slug":"prensa","status":"publish","type":"page","link":"https:\/\/2017.auditmeeting.es\/index.php\/prensa\/","title":{"rendered":"Prensa"},"content":{"rendered":"<p>Relaci\u00f3n de notas, rese\u00f1as y apariciones en prensa:<\/p>\n<p>Notas de Prensa<\/p>\n<ul>\n<li><a href=\"http:\/\/2017.auditmeeting.es\/nota-de-prensa-del-14-12-2017\/\">Nota de Prensa del 14-12-2017<\/a><\/li>\n<\/ul>\n<p>Apariciones en Prensa<\/p>\n<p><strong>Noticias 14 y 15 diciembre<\/strong><\/p>\n<ul>\n<li><a href=\"https:\/\/economistas.es\/wp-content\/uploads\/2017\/12\/5cindias.pdf\">Cinco D\u00edas<\/a><\/li>\n<li><a href=\"http:\/\/economistas.es\/wp-content\/uploads\/2017\/12\/5eleco.pdf\">El Economista<\/a><\/li>\n<li><a href=\"http:\/\/economistas.es\/wp-content\/uploads\/2017\/12\/5expans.pdf\">Expansi\u00f3n<\/a><\/li>\n<li><a href=\"http:\/\/economistas.es\/wp-content\/uploads\/2017\/12\/5ideal.pdf\">Ideal de Andaluc\u00eda<\/a><\/li>\n<li><a href=\"http:\/\/economistas.es\/wp-content\/uploads\/2017\/12\/5abc.pdf\">Abc<\/a><\/li>\n<li><a href=\"http:\/\/economistas.es\/wp-content\/uploads\/2017\/12\/5elmund.pdf\">El Mundo<\/a><\/li>\n<li><a href=\"http:\/\/economistas.es\/wp-content\/uploads\/2017\/12\/5diardNavarr.pdf\">Diario de Navarra<\/a><\/li>\n<li><a href=\"http:\/\/economistas.es\/wp-content\/uploads\/2017\/12\/5lavanguard.pdf\">La Vanguardia<\/a><\/li>\n<li><a href=\"http:\/\/economistas.es\/wp-content\/uploads\/2017\/12\/5hoy.pdf\">Hoy Extremadura<\/a><\/li>\n<li><a href=\"http:\/\/economistas.es\/wp-content\/uploads\/2017\/12\/5lasprovinc.pdf\">Las Provincias<\/a><\/li>\n<li><a href=\"http:\/\/economistas.es\/wp-content\/uploads\/2017\/12\/5laverd.pdf\">La Verdad de Murcia<\/a><\/li>\n<li><a href=\"http:\/\/economistas.es\/wp-content\/uploads\/2017\/12\/5sur.pdf\">Sur M\u00e1laga<\/a><\/li>\n<li><a href=\"http:\/\/economistas.es\/wp-content\/uploads\/2017\/12\/5lagacetSal.pdf\">La Gaceta de Salamanca<\/a><\/li>\n<li><a href=\"https:\/\/economistas.es\/wp-content\/uploads\/2017\/12\/4elconfid.pdf\">El Confidencial<\/a><\/li>\n<li><a href=\"http:\/\/economistas.es\/wp-content\/uploads\/2017\/12\/4elcomerci.pdf\">El Comercio<\/a><\/li>\n<li><a href=\"http:\/\/economistas.es\/wp-content\/uploads\/2017\/12\/4eldiarvasc.pdf\">El Diario Vasco<\/a><\/li>\n<li><a href=\"http:\/\/economistas.es\/wp-content\/uploads\/2017\/12\/4larioj.pdf\">La Rioja<\/a><\/li>\n<li><a href=\"http:\/\/economistas.es\/wp-content\/uploads\/2017\/12\/4expanEfe.pdf\">Expansi\u00f3n.com<\/a><\/li>\n<li><a href=\"http:\/\/economistas.es\/wp-content\/uploads\/2017\/12\/4elecoServ.pdf\">El Economista.es   <\/a><\/li>\n<li><a href=\"http:\/\/economistas.es\/wp-content\/uploads\/2017\/12\/4abc.pdf\">Abc.es <\/a><\/li>\n<li><a href=\"http:\/\/economistas.es\/wp-content\/uploads\/2017\/12\/4eldiaresEfe.pdf\">El Diario.es<\/a><\/li>\n<li><a href=\"http:\/\/economistas.es\/wp-content\/uploads\/2017\/12\/4diarSigServ.pdf\">Diario Siglo XXI<\/a><\/li>\n<li><a href=\"http:\/\/economistas.es\/wp-content\/uploads\/2017\/12\/4eldiarMont.pdf\">El Diario Monta\u00f1\u00e9s<\/a><\/li>\n<li><a href=\"http:\/\/economistas.es\/wp-content\/uploads\/2017\/12\/4efe.pdf\">Efe<\/a><\/li>\n<li><a href=\"http:\/\/economistas.es\/wp-content\/uploads\/2017\/12\/4hoy.pdf\">Hoy Extremadura<\/a><\/li>\n<li><a href=\"http:\/\/economistas.es\/wp-content\/uploads\/2017\/12\/4globalnews.pdf\">GlobalNews<\/a><\/li>\n<li><a href=\"http:\/\/economistas.es\/wp-content\/uploads\/2017\/12\/4finazs.pdf\">Finanzas.com<\/a><\/li>\n<li><a href=\"http:\/\/economistas.es\/wp-content\/uploads\/2017\/12\/4elnortCasti.pdf\">El Norte de Castilla<\/a><\/li>\n<li><a href=\"http:\/\/economistas.es\/wp-content\/uploads\/2017\/12\/4yahooefe.pdf\">Yahoo Noticias<\/a><\/li>\n<li><a href=\"http:\/\/economistas.es\/wp-content\/uploads\/2017\/12\/4teintersServ.pdf\">Te Interesa.es<\/a><\/li>\n<li><a href=\"http:\/\/economistas.es\/wp-content\/uploads\/2017\/12\/4sur.pdf\">Sur M\u00e1laga<\/a><\/li>\n<li><a href=\"http:\/\/economistas.es\/wp-content\/uploads\/2017\/12\/4okdiari.pdf\">Ok Diario<\/a><\/li>\n<li><a href=\"http:\/\/economistas.es\/wp-content\/uploads\/2017\/12\/4queServ.pdf\">Diario Qu\u00e9<\/a><\/li>\n<li><a href=\"http:\/\/economistas.es\/wp-content\/uploads\/2017\/12\/5lavozDadz-.pdf\">La Voz de C\u00e1diz<\/a><\/li>\n<li><a href=\"http:\/\/economistas.es\/wp-content\/uploads\/2017\/12\/5diardLen-.pdf\">Diario de Le\u00f3n<\/a><\/li>\n<\/ul>\n<p><strong>Noticias 16 a 18 diciembre<\/strong><\/p>\n<ul>\n<li><a href=\"https:\/\/economistas.es\/wp-content\/uploads\/2017\/12\/118elnuevLunREA.pdf\">El Nuevo Lunes<\/a><\/li>\n<li><a href=\"https:\/\/economistas.es\/wp-content\/uploads\/2017\/12\/116expREA.pdf\">Expansi\u00f3n.com<\/a><\/li>\n<li><a href=\"https:\/\/economistas.es\/wp-content\/uploads\/2017\/12\/116msnREA.pdf\">MSN<\/a><\/li>\n<\/ul>\n","protected":false},"excerpt":{"rendered":"<p>Relaci\u00f3n de notas, rese\u00f1as y apariciones en prensa: Notas de Prensa Nota de Prensa del 14-12-2017 Apariciones en Prensa Noticias 14 y 15 diciembre Cinco D\u00edas El Economista Expansi\u00f3n Ideal de Andaluc\u00eda Abc El Mundo Diario de Navarra La Vanguardia Hoy Extremadura Las Provincias La Verdad de Murcia Sur M\u00e1laga La Gaceta de Salamanca El&#8230;<\/p>\n","protected":false},"author":1,"featured_media":0,"parent":0,"menu_order":0,"comment_status":"closed","ping_status":"closed","template":"page-fullcontent.php","meta":{"ngg_post_thumbnail":0,"footnotes":""},"_links":{"self":[{"href":"https:\/\/2017.auditmeeting.es\/index.php\/wp-json\/wp\/v2\/pages\/4242"}],"collection":[{"href":"https:\/\/2017.auditmeeting.es\/index.php\/wp-json\/wp\/v2\/pages"}],"about":[{"href":"https:\/\/2017.auditmeeting.es\/index.php\/wp-json\/wp\/v2\/types\/page"}],"author":[{"embeddable":true,"href":"https:\/\/2017.auditmeeting.es\/index.php\/wp-json\/wp\/v2\/users\/1"}],"replies":[{"embeddable":true,"href":"https:\/\/2017.auditmeeting.es\/index.php\/wp-json\/wp\/v2\/comments?post=4242"}],"version-history":[{"count":0,"href":"https:\/\/2017.auditmeeting.es\/index.php\/wp-json\/wp\/v2\/pages\/4242\/revisions"}],"wp:attachment":[{"href":"https:\/\/2017.auditmeeting.es\/index.php\/wp-json\/wp\/v2\/media?parent=4242"}],"curies":[{"name":"wp","href":"https:\/\/api.w.org\/{rel}","templated":true}]}}